{"id":92,"date":"2024-09-25T01:20:17","date_gmt":"2024-09-25T09:20:17","guid":{"rendered":"https:\/\/boswindor.com\/?page_id=92"},"modified":"2026-01-13T01:57:03","modified_gmt":"2026-01-13T09:57:03","slug":"tilt-and-turn-window","status":"publish","type":"page","link":"https:\/\/boswindor.com\/lv\/tilt-and-turn-window\/","title":{"rendered":"Logs ar sl\u012bp\u0113\u0161anas un pagrie\u0161anas funkciju"},"content":{"rendered":"","protected":false},"excerpt":{"rendered":"","protected":false},"author":2,"featured_media":5602,"parent":0,"menu_order":0,"comment_status":"closed","ping_status":"closed","template":"","meta":{"footnotes":""},"class_list":["post-92","page","type-page","status-publish","has-post-thumbnail","hentry"],"blocksy_meta":[],"_links":{"self":[{"href":"https:\/\/boswindor.com\/lv\/wp-json\/wp\/v2\/pages\/92","targetHints":{"allow":["GET"]}}],"collection":[{"href":"https:\/\/boswindor.com\/lv\/wp-json\/wp\/v2\/pages"}],"about":[{"href":"https:\/\/boswindor.com\/lv\/wp-json\/wp\/v2\/types\/page"}],"author":[{"embeddable":true,"href":"https:\/\/boswindor.com\/lv\/wp-json\/wp\/v2\/users\/2"}],"replies":[{"embeddable":true,"href":"https:\/\/boswindor.com\/lv\/wp-json\/wp\/v2\/comments?post=92"}],"version-history":[{"count":1,"href":"https:\/\/boswindor.com\/lv\/wp-json\/wp\/v2\/pages\/92\/revisions"}],"predecessor-version":[{"id":4019,"href":"https:\/\/boswindor.com\/lv\/wp-json\/wp\/v2\/pages\/92\/revisions\/4019"}],"wp:featuredmedia":[{"embeddable":true,"href":"https:\/\/boswindor.com\/lv\/wp-json\/wp\/v2\/media\/5602"}],"wp:attachment":[{"href":"https:\/\/boswindor.com\/lv\/wp-json\/wp\/v2\/media?parent=92"}],"curies":[{"name":"wp","href":"https:\/\/api.w.org\/{rel}","templated":true}]}}