{"id":3432,"date":"2025-04-10T23:02:04","date_gmt":"2025-04-11T07:02:04","guid":{"rendered":"https:\/\/boswindor.com\/?page_id=3432"},"modified":"2025-04-10T23:05:39","modified_gmt":"2025-04-11T07:05:39","slug":"thanks-uae","status":"publish","type":"page","link":"https:\/\/boswindor.com\/es\/thanks-uae\/","title":{"rendered":"Gracias Emiratos \u00c1rabes Unidos"},"content":{"rendered":"<div data-elementor-type=\"wp-page\" data-elementor-id=\"3432\" class=\"elementor elementor-3432\" data-elementor-settings=\"{&quot;ha_cmc_init_switcher&quot;:&quot;no&quot;}\" data-elementor-post-type=\"page\">\n\t\t\t\t<div class=\"elementor-element elementor-element-6d6aab9 e-flex e-con-boxed e-con e-parent\" data-id=\"6d6aab9\" data-element_type=\"container\" data-e-type=\"container\" data-settings=\"{&quot;_ha_eqh_enable&quot;:false}\">\n\t\t\t\t\t<div class=\"e-con-inner\">\n\t\t<div class=\"elementor-element elementor-element-0b6d700 e-con-full e-flex e-con e-child\" data-id=\"0b6d700\" data-element_type=\"container\" data-e-type=\"container\" data-settings=\"{&quot;_ha_eqh_enable&quot;:false}\">\n\t\t\t\t<div class=\"elementor-element elementor-element-57fbdba elementor-widget elementor-widget-image\" data-id=\"57fbdba\" data-element_type=\"widget\" data-e-type=\"widget\" data-widget_type=\"image.default\">\n\t\t\t\t<div class=\"elementor-widget-container\">\n\t\t\t\t\t\t\t\t\t\t\t\t\t\t\t<img fetchpriority=\"high\" decoding=\"async\" width=\"929\" height=\"268\" src=\"https:\/\/boswindor.com\/wp-content\/uploads\/2025\/04\/\u6a59\u8272Logo\u6587\u5b57-removebg-preview.png\" class=\"attachment-large size-large wp-image-3228\" alt=\"\" srcset=\"https:\/\/boswindor.com\/wp-content\/uploads\/2025\/04\/\u6a59\u8272Logo\u6587\u5b57-removebg-preview.png 929w, https:\/\/boswindor.com\/wp-content\/uploads\/2025\/04\/\u6a59\u8272Logo\u6587\u5b57-removebg-preview-300x87.png 300w, https:\/\/boswindor.com\/wp-content\/uploads\/2025\/04\/\u6a59\u8272Logo\u6587\u5b57-removebg-preview-768x222.png 768w, https:\/\/boswindor.com\/wp-content\/uploads\/2025\/04\/\u6a59\u8272Logo\u6587\u5b57-removebg-preview-18x5.png 18w\" sizes=\"(max-width: 929px) 100vw, 929px\">\t\t\t\t\t\t\t\t\t\t\t\t\t\t\t<\/div>\n\t\t\t\t<\/div>\n\t\t\t\t<div class=\"elementor-element elementor-element-e0195ba elementor-widget elementor-widget-heading\" data-id=\"e0195ba\" data-element_type=\"widget\" data-e-type=\"widget\" data-widget_type=\"heading.default\">\n\t\t\t\t<div class=\"elementor-widget-container\">\n\t\t\t\t\t<h2 class=\"elementor-heading-title elementor-size-default\">Gracias<\/h2>\t\t\t\t<\/div>\n\t\t\t\t<\/div>\n\t\t\t\t<div class=\"elementor-element elementor-element-189e02c elementor-widget elementor-widget-text-editor\" data-id=\"189e02c\" data-element_type=\"widget\" data-e-type=\"widget\" data-widget_type=\"text-editor.default\">\n\t\t\t\t<div class=\"elementor-widget-container\">\n\t\t\t\t\t\t\t\t\t<p>Usted acaba de emailed con \u00e9xito nosotros y esperamos que vamos a ser buenos socios en el futuro para una situaci\u00f3n de ganar-ganar. Le responderemos dentro de 6 horas h\u00e1biles, por favor, preste atenci\u00f3n a la email con el sufijo \"@boswindor.com\".<\/p>\t\t\t\t\t\t\t\t<\/div>\n\t\t\t\t<\/div>\n\t\t\t\t<\/div>\n\t\t<div class=\"elementor-element elementor-element-377d54a e-con-full e-flex e-con e-child\" data-id=\"377d54a\" data-element_type=\"container\" data-e-type=\"container\" data-settings=\"{&quot;_ha_eqh_enable&quot;:false}\">\n\t\t\t\t<div class=\"elementor-element elementor-element-8e8d7bb elementor-widget elementor-widget-image\" data-id=\"8e8d7bb\" data-element_type=\"widget\" data-e-type=\"widget\" data-widget_type=\"image.default\">\n\t\t\t\t<div class=\"elementor-widget-container\">\n\t\t\t\t\t\t\t\t\t\t\t\t\t\t\t<img decoding=\"async\" width=\"643\" height=\"637\" src=\"https:\/\/boswindor.com\/wp-content\/uploads\/2024\/10\/We-Are-The-Best-Windows-Doors-Manufacturer-in-China.jpg\" class=\"attachment-large size-large wp-image-274\" alt=\"\" srcset=\"https:\/\/boswindor.com\/wp-content\/uploads\/2024\/10\/We-Are-The-Best-Windows-Doors-Manufacturer-in-China.jpg 643w, https:\/\/boswindor.com\/wp-content\/uploads\/2024\/10\/We-Are-The-Best-Windows-Doors-Manufacturer-in-China-300x297.jpg 300w, https:\/\/boswindor.com\/wp-content\/uploads\/2024\/10\/We-Are-The-Best-Windows-Doors-Manufacturer-in-China-150x150.jpg 150w\" sizes=\"(max-width: 643px) 100vw, 643px\">\t\t\t\t\t\t\t\t\t\t\t\t\t\t\t<\/div>\n\t\t\t\t<\/div>\n\t\t\t\t<\/div>\n\t\t\t\t\t<\/div>\n\t\t\t\t<\/div>\n\t\t\t\t<\/div>","protected":false},"excerpt":{"rendered":"<p>Gracias. Acaba de unirse a email y esperamos que seamos buenos socios en el futuro para lograr una situaci\u00f3n beneficiosa para ambas partes. Le responderemos en un plazo de 6 horas h\u00e1biles. Preste atenci\u00f3n a email con el sufijo \u201c@boswindor.com\u201d.<\/p>","protected":false},"author":2,"featured_media":0,"parent":0,"menu_order":0,"comment_status":"closed","ping_status":"closed","template":"elementor_header_footer","meta":{"footnotes":""},"class_list":["post-3432","page","type-page","status-publish","hentry"],"blocksy_meta":[],"_links":{"self":[{"href":"https:\/\/boswindor.com\/es\/wp-json\/wp\/v2\/pages\/3432","targetHints":{"allow":["GET"]}}],"collection":[{"href":"https:\/\/boswindor.com\/es\/wp-json\/wp\/v2\/pages"}],"about":[{"href":"https:\/\/boswindor.com\/es\/wp-json\/wp\/v2\/types\/page"}],"author":[{"embeddable":true,"href":"https:\/\/boswindor.com\/es\/wp-json\/wp\/v2\/users\/2"}],"replies":[{"embeddable":true,"href":"https:\/\/boswindor.com\/es\/wp-json\/wp\/v2\/comments?post=3432"}],"version-history":[{"count":5,"href":"https:\/\/boswindor.com\/es\/wp-json\/wp\/v2\/pages\/3432\/revisions"}],"predecessor-version":[{"id":3442,"href":"https:\/\/boswindor.com\/es\/wp-json\/wp\/v2\/pages\/3432\/revisions\/3442"}],"wp:attachment":[{"href":"https:\/\/boswindor.com\/es\/wp-json\/wp\/v2\/media?parent=3432"}],"curies":[{"name":"gracias","href":"https:\/\/api.w.org\/{rel}","templated":true}]}}