{"id":285,"date":"2024-10-11T01:09:55","date_gmt":"2024-10-11T09:09:55","guid":{"rendered":"https:\/\/boswindor.com\/?page_id=285"},"modified":"2025-06-23T05:05:15","modified_gmt":"2025-06-23T13:05:15","slug":"thanks","status":"publish","type":"page","link":"https:\/\/boswindor.com\/de\/thanks\/","title":{"rendered":"Danke"},"content":{"rendered":"<div data-elementor-type=\"wp-page\" data-elementor-id=\"285\" class=\"elementor elementor-285\" data-elementor-settings=\"{&quot;ha_cmc_init_switcher&quot;:&quot;no&quot;}\" data-elementor-post-type=\"page\">\n\t\t\t\t<div class=\"elementor-element elementor-element-6d6aab9 e-flex e-con-boxed e-con e-parent\" data-id=\"6d6aab9\" data-element_type=\"container\" data-e-type=\"container\" data-settings=\"{&quot;_ha_eqh_enable&quot;:false}\">\n\t\t\t\t\t<div class=\"e-con-inner\">\n\t\t<div class=\"elementor-element elementor-element-0b6d700 e-con-full e-flex e-con e-child\" data-id=\"0b6d700\" data-element_type=\"container\" data-e-type=\"container\" data-settings=\"{&quot;_ha_eqh_enable&quot;:false}\">\n\t\t\t\t<div class=\"elementor-element elementor-element-203f9ec elementor-widget elementor-widget-image\" data-id=\"203f9ec\" data-element_type=\"widget\" data-e-type=\"widget\" data-widget_type=\"image.default\">\n\t\t\t\t<div class=\"elementor-widget-container\">\n\t\t\t\t\t\t\t\t\t\t\t\t\t\t\t<img fetchpriority=\"high\" decoding=\"async\" width=\"929\" height=\"268\" src=\"https:\/\/boswindor.com\/wp-content\/uploads\/2025\/04\/\u6a59\u8272Logo\u6587\u5b57-removebg-preview.png\" class=\"attachment-large size-large wp-image-3228\" alt=\"\" srcset=\"https:\/\/boswindor.com\/wp-content\/uploads\/2025\/04\/\u6a59\u8272Logo\u6587\u5b57-removebg-preview.png 929w, https:\/\/boswindor.com\/wp-content\/uploads\/2025\/04\/\u6a59\u8272Logo\u6587\u5b57-removebg-preview-300x87.png 300w, https:\/\/boswindor.com\/wp-content\/uploads\/2025\/04\/\u6a59\u8272Logo\u6587\u5b57-removebg-preview-768x222.png 768w, https:\/\/boswindor.com\/wp-content\/uploads\/2025\/04\/\u6a59\u8272Logo\u6587\u5b57-removebg-preview-18x5.png 18w\" sizes=\"(max-width: 929px) 100vw, 929px\">\t\t\t\t\t\t\t\t\t\t\t\t\t\t\t<\/div>\n\t\t\t\t<\/div>\n\t\t\t\t<div class=\"elementor-element elementor-element-e0195ba elementor-widget elementor-widget-heading\" data-id=\"e0195ba\" data-element_type=\"widget\" data-e-type=\"widget\" data-widget_type=\"heading.default\">\n\t\t\t\t<div class=\"elementor-widget-container\">\n\t\t\t\t\t<h2 class=\"elementor-heading-title elementor-size-default\">Vielen Dank, gesch\u00e4tzter Kunde!<\/h2>\t\t\t\t<\/div>\n\t\t\t\t<\/div>\n\t\t\t\t<div class=\"elementor-element elementor-element-54157c1 elementor-widget elementor-widget-text-editor\" data-id=\"54157c1\" data-element_type=\"widget\" data-e-type=\"widget\" data-widget_type=\"text-editor.default\">\n\t\t\t\t<div class=\"elementor-widget-container\">\n\t\t\t\t\t\t\t\t\t<p>Ihre individuelle Netzl\u00f6sung wird vorbereitet. Unsere Experten melden sich innerhalb eines Werktages per email oder WhatsApp bei Ihnen.<\/p>\t\t\t\t\t\t\t\t<\/div>\n\t\t\t\t<\/div>\n\t\t\t\t<div class=\"elementor-element elementor-element-189e02c elementor-widget elementor-widget-text-editor\" data-id=\"189e02c\" data-element_type=\"widget\" data-e-type=\"widget\" data-widget_type=\"text-editor.default\">\n\t\t\t\t<div class=\"elementor-widget-container\">\n\t\t\t\t\t\t\t\t\t<p><strong>Bitte \u00fcberpr\u00fcfen Sie Ihren Posteingang<\/strong>: Um sicherzustellen, dass Sie unser Angebot erhalten, suchen Sie bitte nach einem email von <strong>info@boswindor.com<\/strong> (email Ihres Beraters) oder jede Adresse mit der Endung <strong>@boswindor.com<\/strong>. Wir empfehlen Ihnen, unsere Adresse zu Ihren Kontakten hinzuzuf\u00fcgen.<\/p>\t\t\t\t\t\t\t\t<\/div>\n\t\t\t\t<\/div>\n\t\t\t\t<div class=\"elementor-element elementor-element-1056c1d elementor-widget elementor-widget-heading\" data-id=\"1056c1d\" data-element_type=\"widget\" data-e-type=\"widget\" data-widget_type=\"heading.default\">\n\t\t\t\t<div class=\"elementor-widget-container\">\n\t\t\t\t\t<h2 class=\"elementor-heading-title elementor-size-default\">Lernen Sie Ihren pers\u00f6nlichen Berater kennen<\/h2>\t\t\t\t<\/div>\n\t\t\t\t<\/div>\n\t\t\t\t<div class=\"elementor-element elementor-element-f02c878 elementor-widget elementor-widget-text-editor\" data-id=\"f02c878\" data-element_type=\"widget\" data-e-type=\"widget\" data-widget_type=\"text-editor.default\">\n\t\t\t\t<div class=\"elementor-widget-container\">\n\t\t\t\t\t\t\t\t\t<p>Ich bin Leo, Senior Product Consultant bei Boswindor. Ich habe Ihre Anfrage erhalten und werde pers\u00f6nlich eine L\u00f6sung f\u00fcr Sie erarbeiten. Mit 10 Jahren Erfahrung helfe ich Bauherren und Hausbesitzern wie Ihnen mit Leidenschaft, die perfekten Fenster und T\u00fcren zu finden.<\/p>\t\t\t\t\t\t\t\t<\/div>\n\t\t\t\t<\/div>\n\t\t\t\t<div class=\"elementor-element elementor-element-3d7ab60 e-grid-align-left elementor-shape-rounded elementor-grid-0 elementor-widget elementor-widget-social-icons\" data-id=\"3d7ab60\" data-element_type=\"widget\" data-e-type=\"widget\" data-widget_type=\"social-icons.default\">\n\t\t\t\t<div class=\"elementor-widget-container\">\n\t\t\t\t\t\t\t<div class=\"elementor-social-icons-wrapper elementor-grid\" role=\"list\">\n\t\t\t\t\t\t\t<span class=\"elementor-grid-item\" role=\"listitem\">\n\t\t\t\t\t<a class=\"elementor-icon elementor-social-icon elementor-social-icon-facebook elementor-repeater-item-0246a30\" href=\"https:\/\/www.facebook.com\/boswindor\" target=\"_blank\" rel=\"noopener\">\n\t\t\t\t\t\t<span class=\"elementor-screen-only\">Facebook<\/span>\n\t\t\t\t\t\t<svg aria-hidden=\"true\" class=\"e-font-icon-svg e-fab-facebook\" viewbox=\"0 0 512 512\" xmlns=\"http:\/\/www.w3.org\/2000\/svg\"><path d=\"M504 256C504 119 393 8 256 8S8 119 8 256c0 123.78 90.69 226.38 209.25 245V327.69h-63V256h63v-54.64c0-62.15 37-96.48 93.67-96.48 27.14 0 55.52 4.84 55.52 4.84v61h-31.28c-30.8 0-40.41 19.12-40.41 38.73V256h68.78l-11 71.69h-57.78V501C413.31 482.38 504 379.78 504 256z\"><\/path><\/svg>\t\t\t\t\t<\/a>\n\t\t\t\t<\/span>\n\t\t\t\t\t\t\t<span class=\"elementor-grid-item\" role=\"listitem\">\n\t\t\t\t\t<a class=\"elementor-icon elementor-social-icon elementor-social-icon-youtube elementor-repeater-item-4edee09\" href=\"https:\/\/www.youtube.com\/@Boswindor\" target=\"_blank\" rel=\"noopener\">\n\t\t\t\t\t\t<span class=\"elementor-screen-only\">YouTube<\/span>\n\t\t\t\t\t\t<svg aria-hidden=\"true\" class=\"e-font-icon-svg e-fab-youtube\" viewbox=\"0 0 576 512\" xmlns=\"http:\/\/www.w3.org\/2000\/svg\"><path d=\"M549.655 124.083c-6.281-23.65-24.787-42.276-48.284-48.597C458.781 64 288 64 288 64S117.22 64 74.629 75.486c-23.497 6.322-42.003 24.947-48.284 48.597-11.412 42.867-11.412 132.305-11.412 132.305s0 89.438 11.412 132.305c6.281 23.65 24.787 41.5 48.284 47.821C117.22 448 288 448 288 448s170.78 0 213.371-11.486c23.497-6.321 42.003-24.171 48.284-47.821 11.412-42.867 11.412-132.305 11.412-132.305s0-89.438-11.412-132.305zm-317.51 213.508V175.185l142.739 81.205-142.739 81.201z\"><\/path><\/svg>\t\t\t\t\t<\/a>\n\t\t\t\t<\/span>\n\t\t\t\t\t<\/div>\n\t\t\t\t\t\t<\/div>\n\t\t\t\t<\/div>\n\t\t\t\t<\/div>\n\t\t<div class=\"elementor-element elementor-element-377d54a e-con-full e-flex e-con e-child\" data-id=\"377d54a\" data-element_type=\"container\" data-e-type=\"container\" data-settings=\"{&quot;_ha_eqh_enable&quot;:false}\">\n\t\t\t\t<div class=\"elementor-element elementor-element-8e8d7bb elementor-widget elementor-widget-image\" data-id=\"8e8d7bb\" data-element_type=\"widget\" data-e-type=\"widget\" data-widget_type=\"image.default\">\n\t\t\t\t<div class=\"elementor-widget-container\">\n\t\t\t\t\t\t\t\t\t\t\t\t\t\t\t<img decoding=\"async\" width=\"643\" height=\"637\" src=\"https:\/\/boswindor.com\/wp-content\/uploads\/2024\/10\/We-Are-The-Best-Windows-Doors-Manufacturer-in-China.jpg\" class=\"attachment-large size-large wp-image-274\" alt=\"\" srcset=\"https:\/\/boswindor.com\/wp-content\/uploads\/2024\/10\/We-Are-The-Best-Windows-Doors-Manufacturer-in-China.jpg 643w, https:\/\/boswindor.com\/wp-content\/uploads\/2024\/10\/We-Are-The-Best-Windows-Doors-Manufacturer-in-China-300x297.jpg 300w, https:\/\/boswindor.com\/wp-content\/uploads\/2024\/10\/We-Are-The-Best-Windows-Doors-Manufacturer-in-China-150x150.jpg 150w\" sizes=\"(max-width: 643px) 100vw, 643px\">\t\t\t\t\t\t\t\t\t\t\t\t\t\t\t<\/div>\n\t\t\t\t<\/div>\n\t\t\t\t<\/div>\n\t\t\t\t\t<\/div>\n\t\t\t\t<\/div>\n\t\t<div class=\"elementor-element elementor-element-5bfa9ef e-flex e-con-boxed e-con e-parent\" data-id=\"5bfa9ef\" data-element_type=\"container\" data-e-type=\"container\" data-settings=\"{&quot;background_background&quot;:&quot;gradient&quot;,&quot;_ha_eqh_enable&quot;:false}\">\n\t\t\t\t\t<div class=\"e-con-inner\">\n\t\t\t\t<div class=\"elementor-element elementor-element-ba003d4 elementor-widget elementor-widget-heading\" data-id=\"ba003d4\" data-element_type=\"widget\" data-e-type=\"widget\" data-widget_type=\"heading.default\">\n\t\t\t\t<div class=\"elementor-widget-container\">\n\t\t\t\t\t<h2 class=\"elementor-heading-title elementor-size-default\">Boswindor w\u00fcnscht Ihnen ein gl\u00fcckliches Leben!<\/h2>\t\t\t\t<\/div>\n\t\t\t\t<\/div>\n\t\t\t\t\t<\/div>\n\t\t\t\t<\/div>\n\t\t\t\t<\/div>","protected":false},"excerpt":{"rendered":"<p>Thank You, Valued Customer! Your custom netting solution is being prepared. Our experts will contact you via email or WhatsApp within 1 business day. Please Check Your Inbox: To ensure you receive our proposal, please look for an email from info@boswindor.com (your consultant&#8217;s email) or any address ending in @boswindor.com. We recommend adding our address [&hellip;]<\/p>\n","protected":false},"author":2,"featured_media":0,"parent":0,"menu_order":0,"comment_status":"closed","ping_status":"closed","template":"elementor_header_footer","meta":{"footnotes":""},"class_list":["post-285","page","type-page","status-publish","hentry"],"blocksy_meta":[],"_links":{"self":[{"href":"https:\/\/boswindor.com\/de\/wp-json\/wp\/v2\/pages\/285","targetHints":{"allow":["GET"]}}],"collection":[{"href":"https:\/\/boswindor.com\/de\/wp-json\/wp\/v2\/pages"}],"about":[{"href":"https:\/\/boswindor.com\/de\/wp-json\/wp\/v2\/types\/page"}],"author":[{"embeddable":true,"href":"https:\/\/boswindor.com\/de\/wp-json\/wp\/v2\/users\/2"}],"replies":[{"embeddable":true,"href":"https:\/\/boswindor.com\/de\/wp-json\/wp\/v2\/comments?post=285"}],"version-history":[{"count":5,"href":"https:\/\/boswindor.com\/de\/wp-json\/wp\/v2\/pages\/285\/revisions"}],"predecessor-version":[{"id":7035,"href":"https:\/\/boswindor.com\/de\/wp-json\/wp\/v2\/pages\/285\/revisions\/7035"}],"wp:attachment":[{"href":"https:\/\/boswindor.com\/de\/wp-json\/wp\/v2\/media?parent=285"}],"curies":[{"name":"wp","href":"https:\/\/api.w.org\/{rel}","templated":true}]}}